{"id":987,"date":"2018-05-01T19:30:29","date_gmt":"2018-05-01T19:30:29","guid":{"rendered":"https:\/\/location-tignes-lavachet.ovh\/?page_id=987"},"modified":"2018-05-01T19:30:30","modified_gmt":"2018-05-01T19:30:30","slug":"hiver-2018-2019","status":"publish","type":"page","link":"https:\/\/location-tignes-lavachet.ovh\/index.php\/hiver-2018-2019\/","title":{"rendered":"HIVER 2018-2019"},"content":{"rendered":"<div id=\"pl-987\"  class=\"panel-layout\" ><div id=\"pg-987-0\"  class=\"panel-grid panel-has-style\" ><div class=\"siteorigin-panels-stretch panel-row-style panel-row-style-for-987-0\" data-stretch-type=\"full-stretched\" ><div id=\"pgc-987-0-0\"  class=\"panel-grid-cell panel-grid-cell-empty\" ><\/div><\/div><\/div><div id=\"pg-987-1\"  class=\"panel-grid panel-has-style\" ><div class=\"siteorigin-panels-stretch panel-row-style panel-row-style-for-987-1\" data-stretch-type=\"full-stretched\" ><div id=\"pgc-987-1-0\"  class=\"panel-grid-cell panel-grid-cell-empty\" ><\/div><div id=\"pgc-987-1-1\"  class=\"panel-grid-cell\" ><div id=\"panel-987-1-1-0\" class=\"so-panel widget widget_siteorigin-panels-builder panel-first-child panel-last-child\" data-index=\"0\" ><div class=\"panel-widget-style panel-widget-style-for-987-1-1-0\" ><div id=\"pl-w5ae8bf94ce550\"  class=\"panel-layout\" ><div id=\"pg-w5ae8bf94ce550-0\"  class=\"panel-grid panel-no-style\" ><div id=\"pgc-w5ae8bf94ce550-0-0\"  class=\"panel-grid-cell\" ><div id=\"panel-w5ae8bf94ce550-0-0-0\" class=\"so-panel widget widget_sow-editor panel-first-child panel-last-child\" data-index=\"0\" ><div class=\"panel-widget-style panel-widget-style-for-w5ae8bf94ce550-0-0-0\" ><div\n\t\t\t\n\t\t\tclass=\"so-widget-sow-editor so-widget-sow-editor-base\"\n\t\t\t\n\t\t>\n<div class=\"siteorigin-widget-tinymce textwidget\">\n\t<h6><span style=\"color: #000000;\">\n<table id=\"tablepress-8\" class=\"tablepress tablepress-id-8\">\n<thead>\n<tr class=\"row-1\">\n\t<th class=\"column-1\">HIVER 2018-2019<\/th><th class=\"column-2\">SEMAINE<\/th><th class=\"column-3\">PRIX (\u20ac)<\/th><th class=\"column-4\">DISPONIBILITE<\/th>\n<\/tr>\n<\/thead>\n<tbody class=\"row-striping row-hover\">\n<tr class=\"row-2\">\n\t<td class=\"column-1\">7 jours samedi\/samedi<\/td><td class=\"column-2\">Du 23\/03 au 30\/03\/19<\/td><td class=\"column-3\"><\/td><td class=\"column-4\">R\u00e9serv\u00e9<\/td>\n<\/tr>\n<tr class=\"row-3\">\n\t<td class=\"column-1\">7 jours samedi\/samedi<\/td><td class=\"column-2\">Du 30\/03 au 06\/04\/19<\/td><td class=\"column-3\">700<\/td><td class=\"column-4\"><\/td>\n<\/tr>\n<tr class=\"row-4\">\n\t<td class=\"column-1\">7 jours samedi\/samedi <\/td><td class=\"column-2\">Du 06\/04 au 13\/04\/19<\/td><td class=\"column-3\"><\/td><td class=\"column-4\">R\u00e9serv\u00e9<\/td>\n<\/tr>\n<tr class=\"row-5\">\n\t<td class=\"column-1\">7 jours samedi\/samedi<\/td><td class=\"column-2\">Du 13\/04 au 20\/04\/19<\/td><td class=\"column-3\"><\/td><td class=\"column-4\">R\u00e9serv\u00e9<\/td>\n<\/tr>\n<tr class=\"row-6\">\n\t<td class=\"column-1\">7 jours samedi\/samedi<\/td><td class=\"column-2\">Du 20\/04 au 27\/04\/19<\/td><td class=\"column-3\">650<\/td><td class=\"column-4\"><\/td>\n<\/tr>\n<tr class=\"row-7\">\n\t<td class=\"column-1\">7 jours samedi\/samedi<br \/>\n<\/td><td class=\"column-2\">Du 27\/04 au 04\/05\/19<\/td><td class=\"column-3\">500<\/td><td class=\"column-4\"><\/td>\n<\/tr>\n<\/tbody>\n<\/table>\n<!-- #tablepress-8 from cache --><\/span><\/h6>\n<h5><em><span style=\"color: #ff9900;\"><strong>Informations compl\u00e9mentaires<\/strong> :<\/span><\/em><\/h5>\n<h5><span style=\"color: #000000;\"><em>Taxe de s\u00e9jour en sus 1,65\u20ac\/jour\/adulte.<\/em><\/span><br \/>\n<span style=\"color: #000000;\"><em>Acompte de 30 %.\u00a0<\/em><\/span><span style=\"color: #000000;\"><em>Caution de 500 \u20ac appartement et 60\u20ac m\u00e9nage.<\/em><\/span><br \/>\n<span style=\"color: #000000;\"><em>Un contrat de location sera \u00e9tabli. Le solde sera demand\u00e9 15 jours avant la remise des cl\u00e9s.<\/em><\/span><br \/>\n<span style=\"color: #000000;\"><em>Prix d\u00e9gressif pour toute r\u00e9servation sup\u00e9rieure ou \u00e9gale \u00e0 2 semaines.<\/em><\/span><\/h5>\n<\/div>\n<\/div><\/div><\/div><\/div><\/div><\/div><\/div><\/div><\/div><div id=\"pgc-987-1-2\"  class=\"panel-grid-cell panel-grid-cell-mobile-last\" ><div id=\"panel-987-1-2-0\" class=\"so-panel widget widget_sow-editor panel-first-child panel-last-child\" data-index=\"1\" ><div class=\"panel-widget-style panel-widget-style-for-987-1-2-0\" ><div\n\t\t\t\n\t\t\tclass=\"so-widget-sow-editor so-widget-sow-editor-base\"\n\t\t\t\n\t\t>\n<div class=\"siteorigin-widget-tinymce textwidget\">\n\t<h3><span style=\"color: #000000;\"><strong><em>A TIGNES, ON SKIE AVANT...<\/em><\/strong><\/span><\/h3>\n<h4 style=\"text-align: left;\"><span style=\"color: #000000;\">et apr\u00e8s tout le monde ! <\/span><\/h4>\n<h4 style=\"text-align: left;\"><span style=\"color: #000000;\">D\u00e9valez les pistes du <strong>29 septembre\u00a02018 au 5 mai 2019<\/strong><\/span><\/h4>\n<h3 style=\"text-align: justify;\"><span style=\"color: #000000;\"><strong>R\u00e9servation et contact :<\/strong><\/span><\/h3>\n<h4 style=\"text-align: justify;\"><span style=\"color: #000000;\">Nous sommes \u00e0 votre \u00e9coute pour r\u00e9pondre \u00e0 vos interrogations ou si vous avez \u00a0besoin d\u2019informations compl\u00e9mentaires sur notre appartement en location \u00e0\u00a0Tignes. Vous pouvez utiliser le formulaire ci-dessous ou nous \u00e9crire \u00e0 <span style=\"color: #0000ff;\"><a style=\"color: #0000ff;\" href=\"mailto:location-tignes-lavachet@k-net.fr\">location-tignes-lavachet@k-net.fr<\/a><\/span><\/span><\/h4>\n<p style=\"text-align: justify;\"><span style=\"color: #000000;\">[contact-form-7 id=\"160\" title=\"Contact\"]<\/span><\/p>\n<\/div>\n<\/div><\/div><\/div><\/div><div id=\"pgc-987-1-3\"  class=\"panel-grid-cell panel-grid-cell-empty\" ><\/div><\/div><\/div><\/div>","protected":false},"excerpt":{"rendered":"<p>A TIGNES, ON SKIE AVANT&#8230; et apr\u00e8s tout le monde ! D\u00e9valez les pistes du 29 septembre\u00a02018 au 5 mai 2019 R\u00e9servation et contact : Nous sommes \u00e0 votre \u00e9coute pour r\u00e9pondre \u00e0 vos interrogations ou si vous avez \u00a0besoin d\u2019informations compl\u00e9mentaires sur notre appartement en location \u00e0\u00a0Tignes. Vous pouvez utiliser le formulaire ci-dessous ou [&hellip;]<\/p>\n","protected":false},"author":1,"featured_media":0,"parent":0,"menu_order":0,"comment_status":"closed","ping_status":"closed","template":"","meta":{"ngg_post_thumbnail":0,"footnotes":""},"class_list":["post-987","page","type-page","status-publish","hentry"],"_links":{"self":[{"href":"https:\/\/location-tignes-lavachet.ovh\/index.php\/wp-json\/wp\/v2\/pages\/987","targetHints":{"allow":["GET"]}}],"collection":[{"href":"https:\/\/location-tignes-lavachet.ovh\/index.php\/wp-json\/wp\/v2\/pages"}],"about":[{"href":"https:\/\/location-tignes-lavachet.ovh\/index.php\/wp-json\/wp\/v2\/types\/page"}],"author":[{"embeddable":true,"href":"https:\/\/location-tignes-lavachet.ovh\/index.php\/wp-json\/wp\/v2\/users\/1"}],"replies":[{"embeddable":true,"href":"https:\/\/location-tignes-lavachet.ovh\/index.php\/wp-json\/wp\/v2\/comments?post=987"}],"version-history":[{"count":0,"href":"https:\/\/location-tignes-lavachet.ovh\/index.php\/wp-json\/wp\/v2\/pages\/987\/revisions"}],"wp:attachment":[{"href":"https:\/\/location-tignes-lavachet.ovh\/index.php\/wp-json\/wp\/v2\/media?parent=987"}],"curies":[{"name":"wp","href":"https:\/\/api.w.org\/{rel}","templated":true}]}}