{"id":777,"date":"2017-08-20T17:02:23","date_gmt":"2017-08-20T17:02:23","guid":{"rendered":"https:\/\/location-tignes-lavachet.ovh\/?page_id=777"},"modified":"2018-12-26T14:08:26","modified_gmt":"2018-12-26T14:08:26","slug":"la-station-de-tignes","status":"publish","type":"page","link":"https:\/\/location-tignes-lavachet.ovh\/index.php\/la-station-de-tignes\/","title":{"rendered":"Tignes, la station"},"content":{"rendered":"<div id=\"pl-777\"  class=\"panel-layout\" ><div id=\"pg-777-0\"  class=\"panel-grid panel-has-style\" ><div class=\"siteorigin-panels-stretch panel-row-style panel-row-style-for-777-0\" data-stretch-type=\"full-stretched\" ><div id=\"pgc-777-0-0\"  class=\"panel-grid-cell panel-grid-cell-empty\" ><\/div><div id=\"pgc-777-0-1\"  class=\"panel-grid-cell panel-grid-cell-mobile-last\" ><div id=\"panel-777-0-1-0\" class=\"so-panel widget widget_sow-editor panel-first-child panel-last-child\" data-index=\"0\" ><div\n\t\t\t\n\t\t\tclass=\"so-widget-sow-editor so-widget-sow-editor-base\"\n\t\t\t\n\t\t>\n<div class=\"siteorigin-widget-tinymce textwidget\">\n\t<h3><a href=\"http:\/\/www.tignes.net\/fr\/sports-en-hiver-6.html\" target=\"_blank\" rel=\"noopener\"><strong>EN HIVER \u00c0 TIGNES...<\/strong><\/a><\/h3>\n<p><strong>En hiver, 350 kms de piste de ski entre Tignes et Val d'Is\u00e8re vous attendent, d'octobre \u00e0 mi mai..! <\/strong>Situ\u00e9e au coeur des Alpes fran\u00e7aises, en Haute Tarentaise, Tignes offre un espace de glisse aussi incroyable que technique, permettant \u00e0 tous les skieurs et snowboarders de profiter au maximum selon leurs niveaux et leur style de glisse.<\/p>\n<p><strong>Le domaine skiable s'\u00e9tend de 1500 m\u00e8tres d'altitude \u00e0 Tignes les Br\u00e9vi\u00e8res, jusqu'\u00e0 3450 m\u00e8tres au sommet du glacier de la Grande Motte<\/strong>, offrant des conditions d'enneigement exceptionnelles et \"garanties\", en hiver comme en \u00e9t\u00e9 (Glacier de la Grande Motte). Un grand nombre de remont\u00e9es m\u00e9caniques vous permettront de d\u00e9couvrir <strong>les 350 kms de pistes de l'Espace Killy \u00e0 votre rythme et dans les meilleures conditions.<\/strong><\/p>\n<\/div>\n<\/div><\/div><\/div><div id=\"pgc-777-0-2\"  class=\"panel-grid-cell panel-grid-cell-empty\" ><\/div><\/div><\/div><div id=\"pg-777-1\"  class=\"panel-grid panel-has-style\" ><div class=\"siteorigin-panels-stretch panel-row-style panel-row-style-for-777-1\" data-stretch-type=\"full-stretched\" ><div id=\"pgc-777-1-0\"  class=\"panel-grid-cell panel-grid-cell-empty\" ><\/div><div id=\"pgc-777-1-1\"  class=\"panel-grid-cell panel-grid-cell-mobile-last\" ><div id=\"panel-777-1-1-0\" class=\"so-panel widget widget_sow-editor panel-first-child panel-last-child\" data-index=\"1\" ><div\n\t\t\t\n\t\t\tclass=\"so-widget-sow-editor so-widget-sow-editor-base\"\n\t\t\t\n\t\t>\n<div class=\"siteorigin-widget-tinymce textwidget\">\n\t<p><iframe loading=\"lazy\" title=\"2016 MADE FOR MORE...\" width=\"500\" height=\"281\" src=\"https:\/\/www.youtube.com\/embed\/Uq_EJ6DD25E?feature=oembed\" frameborder=\"0\" allow=\"accelerometer; autoplay; clipboard-write; encrypted-media; gyroscope; picture-in-picture; web-share\" referrerpolicy=\"strict-origin-when-cross-origin\" allowfullscreen><\/iframe><\/p>\n<\/div>\n<\/div><\/div><\/div><div id=\"pgc-777-1-2\"  class=\"panel-grid-cell panel-grid-cell-empty\" ><\/div><\/div><\/div><div id=\"pg-777-2\"  class=\"panel-grid panel-has-style\" ><div class=\"siteorigin-panels-stretch panel-row-style panel-row-style-for-777-2\" data-stretch-type=\"full-stretched\" ><div id=\"pgc-777-2-0\"  class=\"panel-grid-cell panel-grid-cell-empty\" ><\/div><div id=\"pgc-777-2-1\"  class=\"panel-grid-cell panel-grid-cell-mobile-last\" ><div id=\"panel-777-2-1-0\" class=\"so-panel widget widget_sow-editor panel-first-child panel-last-child\" data-index=\"2\" ><div\n\t\t\t\n\t\t\tclass=\"so-widget-sow-editor so-widget-sow-editor-base\"\n\t\t\t\n\t\t>\n<div class=\"siteorigin-widget-tinymce textwidget\">\n\t<h3><strong><a href=\"http:\/\/www.tignes.net\/fr\/sports-en-ete-7.html\" target=\"_blank\" rel=\"noopener\">EN \u00c9T\u00c9 \u00c0 TIGNES...<\/a><\/strong><\/h3>\n<p>En \u00e9t\u00e9, \u00e0 Tignes, <a href=\"http:\/\/www.tignes.net\/fr\/ski-a-tignes\/l-ete-sur-le-glacier-210.html\" target=\"_blank\" rel=\"noopener\"><strong>on pratique le ski d'\u00e9t\u00e9! Venez d\u00e9valez les pistes du glacier de la Grande Motte sous un soleil de plomb...!<\/strong><\/a><br \/> Tignes propose entre autre des dizaines d'activit\u00e9s dont certaines<strong> sont gratuites<\/strong>... <strong>Randonn\u00e9e p\u00e9destre, Crazy airbag, golf, trampoline, tir \u00e0 l'arc, escalade, tennis, \u00e9quitation...<\/strong> A d\u00e9couvrir sans mod\u00e9ration!<\/p>\n<p><a href=\"http:\/\/www.tignes.net\/fr\/sports-en-ete\/bike-park-1033.html\" target=\"_blank\" rel=\"noopener\"><strong>Pour tous les aficionados de VTT, le Bike Park GRATUIT qui relie d\u00e9sormais Tignes et Val d'Is\u00e8re<\/strong><\/a> offre des dizaines de pistes pour tous les niveaux, pistes vertes, rouges, noires, \"extr\u00eames noires\", ainsi qu'un espace ludique pour d\u00e9couvrir le VTT en montagne, des espaces de nettoyage pour vos v\u00e9los...<\/p>\n<p><a href=\"http:\/\/www.tignes.net\/fr\/agenda-evenements-46.html\" target=\"_blank\" rel=\"noopener\"><strong>\u00c0 TIGNES, DES \u00c9V\u00c9NEMENTS TOUTE LA SAISON !<\/strong><\/a><\/p>\n<p>Chaque ann\u00e9e, <strong>la station de Tignes<\/strong> est anim\u00e9e par de nombreux \u00e9v\u00e8nements, SFR tour, une comp\u00e9tition de ski freestyle qui regroupe les meilleurs skieurs freestyle de la plan\u00e8te, le \"Live in Tignes\", des concerts indoor et outdoor tout au long de la saison, championnat du monde handiski...etc De quoi passer d'excellents moments en famille ou entre amis!<\/p>\n<p><strong>Gr\u00e2ce \u00e0 un service de navettes gratuites, vous rejoignez les 4 villages de Tignes en quelques minutes dans la journ\u00e9e, en soir\u00e9e, et la nuit sans interruption...<\/strong><\/p>\n<\/div>\n<\/div><\/div><\/div><div id=\"pgc-777-2-2\"  class=\"panel-grid-cell panel-grid-cell-empty\" ><\/div><\/div><\/div><div id=\"pg-777-3\"  class=\"panel-grid panel-has-style\" ><div class=\"siteorigin-panels-stretch panel-row-style panel-row-style-for-777-3\" data-stretch-type=\"full-stretched\" ><div id=\"pgc-777-3-0\"  class=\"panel-grid-cell panel-grid-cell-empty\" ><\/div><div id=\"pgc-777-3-1\"  class=\"panel-grid-cell panel-grid-cell-mobile-last\" ><div id=\"panel-777-3-1-0\" class=\"so-panel widget widget_sow-editor panel-first-child panel-last-child\" data-index=\"3\" ><div\n\t\t\t\n\t\t\tclass=\"so-widget-sow-editor so-widget-sow-editor-base\"\n\t\t\t\n\t\t>\n<div class=\"siteorigin-widget-tinymce textwidget\">\n\t<p><iframe loading=\"lazy\" title=\"Tignes \u00e9t\u00e9 2015 - Teaser\" width=\"500\" height=\"281\" src=\"https:\/\/www.youtube.com\/embed\/vcJ_2AZ5jlE?feature=oembed\" frameborder=\"0\" allow=\"accelerometer; autoplay; clipboard-write; encrypted-media; gyroscope; picture-in-picture; web-share\" referrerpolicy=\"strict-origin-when-cross-origin\" allowfullscreen><\/iframe><\/p>\n<\/div>\n<\/div><\/div><\/div><div id=\"pgc-777-3-2\"  class=\"panel-grid-cell panel-grid-cell-empty\" ><\/div><\/div><\/div><\/div>","protected":false},"excerpt":{"rendered":"<p>EN HIVER \u00c0 TIGNES&#8230; En hiver, 350 kms de piste de ski entre Tignes et Val d&rsquo;Is\u00e8re vous attendent, d&rsquo;octobre \u00e0 mi mai..! Situ\u00e9e au coeur des Alpes fran\u00e7aises, en Haute Tarentaise, Tignes offre un espace de glisse aussi incroyable que technique, permettant \u00e0 tous les skieurs et snowboarders de profiter au maximum selon leurs [&hellip;]<\/p>\n","protected":false},"author":1,"featured_media":4,"parent":0,"menu_order":0,"comment_status":"closed","ping_status":"open","template":"","meta":{"ngg_post_thumbnail":0,"footnotes":""},"class_list":["post-777","page","type-page","status-publish","has-post-thumbnail","hentry"],"_links":{"self":[{"href":"https:\/\/location-tignes-lavachet.ovh\/index.php\/wp-json\/wp\/v2\/pages\/777","targetHints":{"allow":["GET"]}}],"collection":[{"href":"https:\/\/location-tignes-lavachet.ovh\/index.php\/wp-json\/wp\/v2\/pages"}],"about":[{"href":"https:\/\/location-tignes-lavachet.ovh\/index.php\/wp-json\/wp\/v2\/types\/page"}],"author":[{"embeddable":true,"href":"https:\/\/location-tignes-lavachet.ovh\/index.php\/wp-json\/wp\/v2\/users\/1"}],"replies":[{"embeddable":true,"href":"https:\/\/location-tignes-lavachet.ovh\/index.php\/wp-json\/wp\/v2\/comments?post=777"}],"version-history":[{"count":0,"href":"https:\/\/location-tignes-lavachet.ovh\/index.php\/wp-json\/wp\/v2\/pages\/777\/revisions"}],"wp:featuredmedia":[{"embeddable":true,"href":"https:\/\/location-tignes-lavachet.ovh\/index.php\/wp-json\/wp\/v2\/media\/4"}],"wp:attachment":[{"href":"https:\/\/location-tignes-lavachet.ovh\/index.php\/wp-json\/wp\/v2\/media?parent=777"}],"curies":[{"name":"wp","href":"https:\/\/api.w.org\/{rel}","templated":true}]}}