{"id":73,"date":"2016-08-04T21:17:15","date_gmt":"2016-08-04T21:17:15","guid":{"rendered":"http:\/\/location-tignes-lavachet.ovh\/?page_id=73"},"modified":"2017-08-20T17:08:06","modified_gmt":"2017-08-20T17:08:06","slug":"plan-acces","status":"publish","type":"page","link":"https:\/\/location-tignes-lavachet.ovh\/index.php\/plan-acces\/","title":{"rendered":"Plan d&rsquo;acc\u00e8s"},"content":{"rendered":"<div id=\"pl-73\"  class=\"panel-layout\" ><div id=\"pg-73-0\"  class=\"panel-grid panel-has-style\" ><div class=\"siteorigin-panels-stretch panel-row-style panel-row-style-for-73-0\" data-stretch-type=\"full-stretched\" ><div id=\"pgc-73-0-0\"  class=\"panel-grid-cell panel-grid-cell-empty\" ><\/div><div id=\"pgc-73-0-1\"  class=\"panel-grid-cell panel-grid-cell-mobile-last\" ><div id=\"panel-73-0-1-0\" class=\"so-panel widget widget_sow-image panel-first-child panel-last-child\" data-index=\"0\" ><div\n\t\t\t\n\t\t\tclass=\"so-widget-sow-image so-widget-sow-image-default-8b5b6f678277-73\"\n\t\t\t\n\t\t>\n<div class=\"sow-image-container\">\n\t\t<img \n\tsrc=\"https:\/\/location-tignes-lavachet.ovh\/wp-content\/uploads\/2016\/08\/Plan-dacces-Le-Savoy.jpg\" width=\"1269\" height=\"763\" srcset=\"https:\/\/location-tignes-lavachet.ovh\/wp-content\/uploads\/2016\/08\/Plan-dacces-Le-Savoy.jpg 1269w, https:\/\/location-tignes-lavachet.ovh\/wp-content\/uploads\/2016\/08\/Plan-dacces-Le-Savoy-300x180.jpg 300w, https:\/\/location-tignes-lavachet.ovh\/wp-content\/uploads\/2016\/08\/Plan-dacces-Le-Savoy-768x462.jpg 768w, https:\/\/location-tignes-lavachet.ovh\/wp-content\/uploads\/2016\/08\/Plan-dacces-Le-Savoy-1024x616.jpg 1024w, https:\/\/location-tignes-lavachet.ovh\/wp-content\/uploads\/2016\/08\/Plan-dacces-Le-Savoy-240x145.jpg 240w\" sizes=\"(max-width: 1269px) 100vw, 1269px\" title=\"Plan d&rsquo;acces Le Savoy\" alt=\"\" \t\tclass=\"so-widget-image\"\/>\n\t<\/div>\n\n<\/div><\/div><\/div><div id=\"pgc-73-0-2\"  class=\"panel-grid-cell panel-grid-cell-empty\" ><\/div><\/div><\/div><div id=\"pg-73-1\"  class=\"panel-grid panel-has-style\" ><div class=\"siteorigin-panels-stretch panel-row-style panel-row-style-for-73-1\" data-stretch-type=\"full-stretched\" ><div id=\"pgc-73-1-0\"  class=\"panel-grid-cell panel-grid-cell-empty\" ><\/div><div id=\"pgc-73-1-1\"  class=\"panel-grid-cell\" ><div id=\"panel-73-1-1-0\" class=\"so-panel widget widget_siteorigin-panels-builder panel-first-child panel-last-child\" data-index=\"1\" ><div class=\"panel-widget-style panel-widget-style-for-73-1-1-0\" ><div id=\"pl-w57ab89495728c\"  class=\"panel-layout\" ><div id=\"pg-w57ab89495728c-0\"  class=\"panel-grid panel-no-style\" ><div id=\"pgc-w57ab89495728c-0-0\"  class=\"panel-grid-cell\" ><div id=\"panel-w57ab89495728c-0-0-0\" class=\"so-panel widget widget_sow-editor panel-first-child panel-last-child\" data-index=\"0\" ><div class=\"panel-widget-style panel-widget-style-for-w57ab89495728c-0-0-0\" ><div\n\t\t\t\n\t\t\tclass=\"so-widget-sow-editor so-widget-sow-editor-base\"\n\t\t\t\n\t\t><h3 class=\"widget-title\">Pour info .....<\/h3>\n<div class=\"siteorigin-widget-tinymce textwidget\">\n\t<\/div>\n<\/div><\/div><\/div><\/div><\/div><div id=\"pg-w57ab89495728c-1\"  class=\"panel-grid panel-no-style\" ><div id=\"pgc-w57ab89495728c-1-0\"  class=\"panel-grid-cell\" ><div id=\"panel-w57ab89495728c-1-0-0\" class=\"so-panel widget widget_sow-editor panel-first-child panel-last-child\" data-index=\"1\" ><div class=\"panel-widget-style panel-widget-style-for-w57ab89495728c-1-0-0\" ><div\n\t\t\t\n\t\t\tclass=\"so-widget-sow-editor so-widget-sow-editor-base\"\n\t\t\t\n\t\t>\n<div class=\"siteorigin-widget-tinymce textwidget\">\n\t<h4><span style=\"color: #000000;\"><strong>A\u00e9roport\u00a0<\/strong>: Gen\u00e8ve \/ Lyon.<\/span><\/h4>\n<h4><span style=\"color: #000000;\"><strong>Gare \u00a0:\u00a0<\/strong>Bourg St Maurice<\/span><\/h4>\n<h5><span style=\"color: #000000;\">Prendre votre billet pour Tignes, c'est le train jusqu'\u00e0 Bourg St Maurice et ensuite le bus jusqu'\u00e0 Tignes le lac.<\/span><\/h5>\n<h4><span style=\"color: #000000;\"><strong>Autoroute \u00a0<\/strong>: A430 (Albertville) \u00e0 85 kilom\u00e8tres<\/span><\/h4>\n<h5><span style=\"color: #000000;\">Arriv\u00e9e \u00e0 Chamb\u00e9ry ou Annecy ou Grenoble prendre la direction d'Albertville, ensuite Mo\u00fbtiers, apr\u00e8s Bourg St Maurice , puis Tignes.<\/span><\/h5>\n<\/div>\n<\/div><\/div><\/div><\/div><div id=\"pgc-w57ab89495728c-1-1\"  class=\"panel-grid-cell\" ><div id=\"panel-w57ab89495728c-1-1-0\" class=\"so-panel widget widget_sow-editor panel-first-child panel-last-child\" data-index=\"2\" ><div class=\"panel-widget-style panel-widget-style-for-w57ab89495728c-1-1-0\" ><div\n\t\t\t\n\t\t\tclass=\"so-widget-sow-editor so-widget-sow-editor-base\"\n\t\t\t\n\t\t>\n<div class=\"siteorigin-widget-tinymce textwidget\">\n\t<h4><span style=\"color: #000000;\"><strong>Retour ski au pieds - d\u00e9part \u00e0 50 m\u00e8tres<\/strong><\/span><\/h4>\n<h4><span style=\"color: #000000;\"><strong>Golf \u00e0 proximit\u00e9 <\/strong>: Tignes \u00e0 1.5 kilom\u00e8tres<\/span><\/h4>\n<h4><span style=\"color: #000000;\"><strong>Restaurants \/ Bar\u00a0<\/strong>: \u00e0 50 m\u00e8tres<\/span><\/h4>\n<p>\u00a0<\/p>\n<\/div>\n<\/div><\/div><\/div><\/div><\/div><\/div><\/div><\/div><\/div><div id=\"pgc-73-1-2\"  class=\"panel-grid-cell panel-grid-cell-mobile-last\" ><div id=\"panel-73-1-2-0\" class=\"so-panel widget widget_sow-editor panel-first-child panel-last-child\" data-index=\"2\" ><div\n\t\t\t\n\t\t\tclass=\"so-widget-sow-editor so-widget-sow-editor-base\"\n\t\t\t\n\t\t>\n<div class=\"siteorigin-widget-tinymce textwidget\">\n\t<div id=\"wpgmza_map\" class=\"wpgmza_map\" data-settings='{\"id\":\"1\",\"map_title\":\"Tignes\",\"map_width\":\"100\",\"map_height\":\"400\",\"map_start_lat\":\"45.471655\",\"map_start_lng\":\"6.911650\",\"map_start_location\":\"45.47165545937408,6.911650383844972\",\"map_start_zoom\":\"17\",\"default_marker\":\"0\",\"type\":\"1\",\"alignment\":\"2\",\"directions_enabled\":\"1\",\"styling_enabled\":\"0\",\"styling_json\":\"\",\"active\":\"0\",\"kml\":\"\",\"bicycle\":\"0\",\"traffic\":\"0\",\"dbox\":\"1\",\"dbox_width\":\"100\",\"listmarkers\":\"0\",\"listmarkers_advanced\":\"0\",\"filterbycat\":\"0\",\"ugm_enabled\":\"0\",\"ugm_category_enabled\":\"0\",\"fusion\":\"\",\"map_width_type\":\"\\\\%\",\"map_height_type\":\"px\",\"mass_marker_support\":\"1\",\"ugm_access\":\"0\",\"order_markers_by\":\"1\",\"order_markers_choice\":\"2\",\"show_user_location\":\"0\",\"default_to\":\"\",\"other_settings\":{\"store_locator_enabled\":2,\"store_locator_distance\":2,\"store_locator_bounce\":1,\"store_locator_query_string\":\"Code Postal \\\/ Adresse\",\"wpgmza_store_locator_restrict\":\"\",\"map_max_zoom\":\"1\",\"transport_layer\":0,\"wpgmza_theme_data\":\"\"}}' data-map-id='1' Data-maps-engine='' data-shortcode-attributes='{\"id\":\"1\"}' style=\"display:block; overflow:auto; width:100%; height:400px; float:left;\"><\/div>\n<\/div>\n<\/div><\/div><\/div><div id=\"pgc-73-1-3\"  class=\"panel-grid-cell panel-grid-cell-empty\" ><\/div><\/div><\/div><\/div>","protected":false},"excerpt":{"rendered":"<p>Pour info &#8230;.. A\u00e9roport\u00a0: Gen\u00e8ve \/ Lyon. Gare \u00a0:\u00a0Bourg St Maurice Prendre votre billet pour Tignes, c&rsquo;est le train jusqu&rsquo;\u00e0 Bourg St Maurice et ensuite le bus jusqu&rsquo;\u00e0 Tignes le lac. Autoroute \u00a0: A430 (Albertville) \u00e0 85 kilom\u00e8tres Arriv\u00e9e \u00e0 Chamb\u00e9ry ou Annecy ou Grenoble prendre la direction d&rsquo;Albertville, ensuite Mo\u00fbtiers, apr\u00e8s Bourg St Maurice [&hellip;]<\/p>\n","protected":false},"author":1,"featured_media":0,"parent":0,"menu_order":0,"comment_status":"closed","ping_status":"closed","template":"","meta":{"ngg_post_thumbnail":0,"footnotes":""},"class_list":["post-73","page","type-page","status-publish","hentry"],"_links":{"self":[{"href":"https:\/\/location-tignes-lavachet.ovh\/index.php\/wp-json\/wp\/v2\/pages\/73","targetHints":{"allow":["GET"]}}],"collection":[{"href":"https:\/\/location-tignes-lavachet.ovh\/index.php\/wp-json\/wp\/v2\/pages"}],"about":[{"href":"https:\/\/location-tignes-lavachet.ovh\/index.php\/wp-json\/wp\/v2\/types\/page"}],"author":[{"embeddable":true,"href":"https:\/\/location-tignes-lavachet.ovh\/index.php\/wp-json\/wp\/v2\/users\/1"}],"replies":[{"embeddable":true,"href":"https:\/\/location-tignes-lavachet.ovh\/index.php\/wp-json\/wp\/v2\/comments?post=73"}],"version-history":[{"count":0,"href":"https:\/\/location-tignes-lavachet.ovh\/index.php\/wp-json\/wp\/v2\/pages\/73\/revisions"}],"wp:attachment":[{"href":"https:\/\/location-tignes-lavachet.ovh\/index.php\/wp-json\/wp\/v2\/media?parent=73"}],"curies":[{"name":"wp","href":"https:\/\/api.w.org\/{rel}","templated":true}]}}