{"id":2,"date":"2016-07-30T23:46:56","date_gmt":"2016-07-30T23:46:56","guid":{"rendered":"http:\/\/localhost\/wordpress\/?page_id=2"},"modified":"2018-08-19T12:35:00","modified_gmt":"2018-08-19T12:35:00","slug":"appart","status":"publish","type":"page","link":"https:\/\/location-tignes-lavachet.ovh\/index.php\/appart\/","title":{"rendered":"Appartement"},"content":{"rendered":"<div id=\"pl-2\"  class=\"panel-layout\" ><div id=\"pg-2-0\"  class=\"panel-grid panel-has-style\" ><div class=\"siteorigin-panels-stretch panel-row-style panel-row-style-for-2-0\" data-stretch-type=\"full-stretched\" ><div id=\"pgc-2-0-0\"  class=\"panel-grid-cell panel-grid-cell-empty\" ><\/div><div id=\"pgc-2-0-1\"  class=\"panel-grid-cell panel-grid-cell-mobile-last\" ><div id=\"panel-2-0-1-0\" class=\"so-panel widget widget_sow-editor panel-first-child panel-last-child\" data-index=\"0\" ><div class=\"panel-widget-style panel-widget-style-for-2-0-1-0\" ><div\n\t\t\t\n\t\t\tclass=\"so-widget-sow-editor so-widget-sow-editor-base\"\n\t\t\t\n\t\t>\n<div class=\"siteorigin-widget-tinymce textwidget\">\n\t<h4><span style=\"color: #000000;\">\u00a0<\/span><\/h4>\n<h4><img loading=\"lazy\" decoding=\"async\" class=\"alignright wp-image-365\" src=\"https:\/\/location-tignes-lavachet.ovh\/wp-content\/uploads\/2016\/11\/Sejour_03-300x225.jpg\" width=\"454\" height=\"341\" srcset=\"https:\/\/location-tignes-lavachet.ovh\/wp-content\/uploads\/2016\/11\/Sejour_03-300x225.jpg 300w, https:\/\/location-tignes-lavachet.ovh\/wp-content\/uploads\/2016\/11\/Sejour_03-768x576.jpg 768w, https:\/\/location-tignes-lavachet.ovh\/wp-content\/uploads\/2016\/11\/Sejour_03-1024x768.jpg 1024w\" sizes=\"auto, (max-width: 454px) 100vw, 454px\" \/><\/h4>\n<h4><span style=\"color: #000000;\">Notre appartement \u00e0 louer est un\u00a02 pi\u00e8ces de 40 m\u00b2, \u00e9quip\u00e9 pour 6 personnes.<br \/>\n<\/span><\/h4>\n<h4 style=\"text-align: justify;\"><span style=\"color: #000000;\">Il a \u00e9t\u00e9 enti\u00e8rement\u00a0r\u00e9nov\u00e9 et class\u00e9 3* dans la cat\u00e9gorie meubl\u00e9 de tourisme.<br \/>\n<\/span><\/h4>\n<h4 style=\"text-align: justify;\"><span style=\"color: #000000;\">Expos\u00e9 plein sud avec une vue panoramique sur la Grande Motte, l'Aiguille Perc\u00e9e, Tovi\u00e8re... et un acc\u00e8s direct aux diff\u00e9rents massifs.<\/span><\/h4>\n<h4 style=\"text-align: justify;\"><span style=\"color: #000000;\">Vous pouvez consultez la\u00a0<\/span><span style=\"color: #0000ff;\"><a style=\"color: #0000ff;\" href=\"https:\/\/location-tignes-lavachet.ovh\/index.php\/photos\/\">galerie photos<\/a>\u00a0<\/span><span style=\"color: #000000;\">ou notre page <span style=\"color: #0000ff;\"><a style=\"color: #0000ff;\" href=\"https:\/\/www.facebook.com\/Locationtigneslavachet\" target=\"_blank\" rel=\"noopener noreferrer\">facebook<\/a>\u00a0<\/span><\/span><\/h4>\n<h4><\/h4>\n<h3><strong><span style=\"color: #000000;\">Il comprend :<\/span><\/strong><\/h3>\n<h4 style=\"text-align: justify; padding-left: 60px;\"><span style=\"color: #000000;\">&gt; Un s\u00e9jour de 15m2 avec canap\u00e9 d'angle\u00a0convertible en 2 lits de 80 cm ou en\u00a0grand lit de 160 cm. Table pour 6 personnes, \u00e9cran plat, poste de radio. Depuis le balcon expos\u00e9 au sud vous pouvez admirer la Grande Motte et profiter des derniers rayons du soleil.<\/span><\/h4>\n<h4 style=\"padding-left: 60px; text-align: justify;\"><span style=\"color: #000000;\">&gt; Une chambre tr\u00e8s lumineuse de 10m2 \u00e9quip\u00e9e de 2 lits superpos\u00e9s et de 2 lits rabattables, un meuble penderie et un tiroir sous lit pour ranger les affaires ainsi qu'un petit bureau.\u00a0Oreillers et couettes chaudes dans chaque lit.<\/span><\/h4>\n<h4 style=\"padding-left: 60px; text-align: justify;\"><span style=\"color: #000000;\">&gt; Une salle de bain avec baignoire. Un wc s\u00e9par\u00e9.<\/span><\/h4>\n<h4 style=\"padding-left: 60px; text-align: justify;\"><span style=\"color: #000000;\">&gt; Une\u00a0cuisine ferm\u00e9e et\u00a0toute \u00e9quip\u00e9e (four classique, four micro-ondes, lave-vaisselle, r\u00e9frig\u00e9rateur, plaque \u00e0 induction et hotte aspirante, bouilloire, cafeti\u00e8re programmable, grille-pain, appareil \u00e0 fondue, appareil \u00e0 raclette, auto-cuiseur et robot). Vous ne manquerez de rien pour pr\u00e9parer de bons petits plats.<\/span><\/h4>\n<h4 style=\"padding-left: 60px; text-align: justify;\"><span style=\"color: #000000;\">&gt; Une \u00a0entr\u00e9e avec un grand placard \u00a0(penderie et \u00e9tag\u00e8res) pour ranger les v\u00eatements, un meuble pour les chaussures et un porte manteau.<\/span><\/h4>\n<h4 style=\"padding-left: 60px; text-align: justify;\"><span style=\"color: #000000;\">&gt; Un casier \u00e0 ski dans l\u2019entr\u00e9e.<\/span><\/h4>\n<h4 style=\"text-align: justify;\"><span style=\"color: #000000;\">Cet appartement lumineux se situe au troisi\u00e8me \u00e9tage de la r\u00e9sidence \"Le Savoy\" \u00e0 Tignes Le Lavachet. C\u2019est une petite r\u00e9sidence familiale s\u00e9curis\u00e9e avec gardien et code d\u2019entr\u00e9e et\u00a0 ascenseur<\/span><\/h4>\n<h4 style=\"text-align: justify;\"><span style=\"color: #000000;\">Le Quartier du Lavachet est tr\u00e8s calme et dispose de tous les commerces : sup\u00e9rette, boulangerie, location de ski, restaurants, h\u00f4tel, bars, parking couvert, achat de forfaits de ski et location de mat\u00e9riel...<\/span><\/h4>\n<h4 style=\"text-align: justify;\"><span style=\"color: #000000;\">Le parking couvert du Lavachet est \u00e0 votre disposition pour votre voiture (parking obligatoire payant l'hiver \/ gratuit l'\u00e9t\u00e9).<\/span><\/h4>\n<h4 style=\"text-align: justify;\"><span style=\"color: #000000;\">L'acc\u00e8s aux pistes de ski de l'espace Killy est \u00e0 moins de 50 m de l'immeuble grace \u00e0 3 remont\u00e9es m\u00e9caniques ( le tire-fesses gratuit avec acc\u00e8s \u00e0 Tignes Le Lac , Le t\u00e9l\u00e9si\u00e8ge de Paquis pour acc\u00e9der \u00e0 la grande Motte et le t\u00e9l\u00e9si\u00e8ge des chaudannes pour rejoindre le massif de l\u2019aiguille perc\u00e9e.).<\/span><\/h4>\n<h4 style=\"text-align: justify;\"><span style=\"color: #000000;\">L\u2019arr\u00eat de bus pour prendre les navettes gratuites se situe \u00e0 40 m \u00e9galement, ces navettes vous conduiront aux diff\u00e9rents quartiers de Tignes ( Le Lac, Val Claret).<\/span><\/h4>\n<\/div>\n<\/div><\/div><\/div><\/div><div id=\"pgc-2-0-2\"  class=\"panel-grid-cell panel-grid-cell-empty\" ><\/div><\/div><\/div><div id=\"pg-2-1\"  class=\"panel-grid panel-has-style\" ><div class=\"siteorigin-panels-stretch panel-row-style panel-row-style-for-2-1\" data-stretch-type=\"full-stretched\" ><div id=\"pgc-2-1-0\"  class=\"panel-grid-cell panel-grid-cell-empty\" ><\/div><div id=\"pgc-2-1-1\"  class=\"panel-grid-cell panel-grid-cell-mobile-last\" ><div id=\"panel-2-1-1-0\" class=\"so-panel widget widget_sow-editor panel-first-child panel-last-child\" data-index=\"1\" ><div\n\t\t\t\n\t\t\tclass=\"so-widget-sow-editor so-widget-sow-editor-base\"\n\t\t\t\n\t\t>\n<div class=\"siteorigin-widget-tinymce textwidget\">\n\t<hr \/>\n<p>&nbsp;<\/p>\n<\/div>\n<\/div><\/div><\/div><div id=\"pgc-2-1-2\"  class=\"panel-grid-cell panel-grid-cell-empty\" ><\/div><\/div><\/div><div id=\"pg-2-2\"  class=\"panel-grid panel-has-style\" ><div class=\"siteorigin-panels-stretch panel-row-style panel-row-style-for-2-2\" data-stretch-type=\"full-stretched\" ><div id=\"pgc-2-2-0\"  class=\"panel-grid-cell panel-grid-cell-empty\" ><\/div><div id=\"pgc-2-2-1\"  class=\"panel-grid-cell panel-grid-cell-mobile-last\" ><div id=\"panel-2-2-1-0\" class=\"so-panel widget widget_sow-image panel-first-child panel-last-child\" data-index=\"2\" ><div\n\t\t\t\n\t\t\tclass=\"so-widget-sow-image so-widget-sow-image-default-c67d20f9f743-2\"\n\t\t\t\n\t\t><\/div><\/div><\/div><div id=\"pgc-2-2-2\"  class=\"panel-grid-cell panel-grid-cell-empty\" ><\/div><\/div><\/div><\/div>","protected":false},"excerpt":{"rendered":"<p>\u00a0 Notre appartement \u00e0 louer est un\u00a02 pi\u00e8ces de 40 m\u00b2, \u00e9quip\u00e9 pour 6 personnes. Il a \u00e9t\u00e9 enti\u00e8rement\u00a0r\u00e9nov\u00e9 et class\u00e9 3* dans la cat\u00e9gorie meubl\u00e9 de tourisme. Expos\u00e9 plein sud avec une vue panoramique sur la Grande Motte, l&rsquo;Aiguille Perc\u00e9e, Tovi\u00e8re&#8230; et un acc\u00e8s direct aux diff\u00e9rents massifs. Vous pouvez consultez la\u00a0galerie photos\u00a0ou notre [&hellip;]<\/p>\n","protected":false},"author":1,"featured_media":4,"parent":0,"menu_order":0,"comment_status":"closed","ping_status":"open","template":"","meta":{"ngg_post_thumbnail":0,"footnotes":""},"class_list":["post-2","page","type-page","status-publish","has-post-thumbnail","hentry"],"_links":{"self":[{"href":"https:\/\/location-tignes-lavachet.ovh\/index.php\/wp-json\/wp\/v2\/pages\/2","targetHints":{"allow":["GET"]}}],"collection":[{"href":"https:\/\/location-tignes-lavachet.ovh\/index.php\/wp-json\/wp\/v2\/pages"}],"about":[{"href":"https:\/\/location-tignes-lavachet.ovh\/index.php\/wp-json\/wp\/v2\/types\/page"}],"author":[{"embeddable":true,"href":"https:\/\/location-tignes-lavachet.ovh\/index.php\/wp-json\/wp\/v2\/users\/1"}],"replies":[{"embeddable":true,"href":"https:\/\/location-tignes-lavachet.ovh\/index.php\/wp-json\/wp\/v2\/comments?post=2"}],"version-history":[{"count":0,"href":"https:\/\/location-tignes-lavachet.ovh\/index.php\/wp-json\/wp\/v2\/pages\/2\/revisions"}],"wp:featuredmedia":[{"embeddable":true,"href":"https:\/\/location-tignes-lavachet.ovh\/index.php\/wp-json\/wp\/v2\/media\/4"}],"wp:attachment":[{"href":"https:\/\/location-tignes-lavachet.ovh\/index.php\/wp-json\/wp\/v2\/media?parent=2"}],"curies":[{"name":"wp","href":"https:\/\/api.w.org\/{rel}","templated":true}]}}