{"id":1253,"date":"2020-06-01T13:37:11","date_gmt":"2020-06-01T13:37:11","guid":{"rendered":"https:\/\/location-tignes-lavachet.ovh\/?page_id=1253"},"modified":"2020-06-01T14:13:02","modified_gmt":"2020-06-01T14:13:02","slug":"ete-2020","status":"publish","type":"page","link":"https:\/\/location-tignes-lavachet.ovh\/index.php\/ete-2020\/","title":{"rendered":"ETE 2020"},"content":{"rendered":"<div id=\"pl-1253\"  class=\"panel-layout\" ><div id=\"pg-1253-0\"  class=\"panel-grid panel-has-style\" ><div class=\"siteorigin-panels-stretch panel-row-style panel-row-style-for-1253-0\" data-stretch-type=\"full-stretched\" ><div id=\"pgc-1253-0-0\"  class=\"panel-grid-cell panel-grid-cell-empty\" ><\/div><\/div><\/div><div id=\"pg-1253-1\"  class=\"panel-grid panel-has-style\" ><div class=\"siteorigin-panels-stretch panel-row-style panel-row-style-for-1253-1\" data-stretch-type=\"full-stretched\" ><div id=\"pgc-1253-1-0\"  class=\"panel-grid-cell panel-grid-cell-empty\" ><\/div><div id=\"pgc-1253-1-1\"  class=\"panel-grid-cell\" ><div id=\"panel-1253-1-1-0\" class=\"so-panel widget widget_siteorigin-panels-builder panel-first-child panel-last-child\" data-index=\"0\" ><div class=\"panel-widget-style panel-widget-style-for-1253-1-1-0\" ><div id=\"pl-w5ed503b2dcb7b\"  class=\"panel-layout\" ><div id=\"pg-w5ed503b2dcb7b-0\"  class=\"panel-grid panel-no-style\" ><div id=\"pgc-w5ed503b2dcb7b-0-0\"  class=\"panel-grid-cell\" ><div id=\"panel-w5ed503b2dcb7b-0-0-0\" class=\"so-panel widget widget_sow-editor panel-first-child panel-last-child\" data-index=\"0\" ><div class=\"panel-widget-style panel-widget-style-for-w5ed503b2dcb7b-0-0-0\" ><div\n\t\t\t\n\t\t\tclass=\"so-widget-sow-editor so-widget-sow-editor-base\"\n\t\t\t\n\t\t>\n<div class=\"siteorigin-widget-tinymce textwidget\">\n\t<h6><span style=\"color: #000000;\">\n<table id=\"tablepress-11\" class=\"tablepress tablepress-id-11\">\n<thead>\n<tr class=\"row-1\">\n\t<th class=\"column-1\">D\u00c9BUT<\/th><th class=\"column-2\">FIN<\/th><th class=\"column-3\">PRIX (\u20ac)<\/th><th class=\"column-4\">DISPONIBILIT\u00c9<\/th>\n<\/tr>\n<\/thead>\n<tbody class=\"row-striping row-hover\">\n<tr class=\"row-2\">\n\t<td class=\"column-1\">NON DISPONIBLE<\/td><td class=\"column-2\">NON DISPONIBLE<\/td><td class=\"column-3\">NON DISPONIBLE<\/td><td class=\"column-4\">NON DISPONIBLE<\/td>\n<\/tr>\n<\/tbody>\n<\/table>\n<!-- #tablepress-11 from cache --><\/span><\/h6>\n<h5><em><span style=\"color: #ff9900;\"><strong>Informations compl\u00e9mentaires<\/strong> :<\/span><\/em><\/h5>\n<h5><span style=\"color: #000000;\">Taxe de s\u00e9jour en sus 1,65\u20ac\/jour\/adulte.<\/span><br \/>\n<span style=\"color: #000000;\"><em>Acompte de 30 %.<\/em><\/span><br \/>\n<span style=\"color: #000000;\"><em>Caution de 500 \u20ac appartement et 60\u20ac m\u00e9nage.<\/em><\/span><br \/>\n<span style=\"color: #000000;\"><em>Un contrat de location sera \u00e9tabli. Le solde sera demand\u00e9 15 jours avant la remise des cl\u00e9s.<\/em><\/span><br \/>\n<span style=\"color: #000000;\"><em>Prix d\u00e9gressif pour toute r\u00e9servation sup\u00e9rieure ou \u00e9gale \u00e0 2 semaines<\/em><\/span><\/h5>\n<\/div>\n<\/div><\/div><\/div><\/div><\/div><\/div><\/div><\/div><\/div><div id=\"pgc-1253-1-2\"  class=\"panel-grid-cell panel-grid-cell-mobile-last\" ><div id=\"panel-1253-1-2-0\" class=\"so-panel widget widget_sow-editor panel-first-child panel-last-child\" data-index=\"1\" ><div class=\"panel-widget-style panel-widget-style-for-1253-1-2-0\" ><div\n\t\t\t\n\t\t\tclass=\"so-widget-sow-editor so-widget-sow-editor-base\"\n\t\t\t\n\t\t>\n<div class=\"siteorigin-widget-tinymce textwidget\">\n\t<h3><span style=\"color: #000000;\"><span style=\"color: #000000;\">CET \u00c9T\u00c9\u00a0DIRECTION TIGNES... <\/span><\/span><\/h3>\n<h4 style=\"text-align: justify;\"><span style=\"color: #000000;\">et il y en a pour tous les go\u00fbts <strong>du 27\/06\/2020 au 30\/08\/2020<\/strong>. Avec votre carte \"<strong><span style=\"color: #0000ff;\"><a href=\"http:\/\/mytignesopen.tignes.net\/\" target=\"_blank\" rel=\"noopener\"><span style=\"color: #0000ff;\">My Tignes Open<\/span><\/a><\/span><\/strong>\" (6 cartes offertes), acc\u00e9dez \u00e0 de nombreuses activit\u00e9s \u00a0: Tir \u00e0 l'arc, Crazy Airbag, base nautique, hot-jumping, ...\u00a0\u00a0<strong>Acc\u00e8s\u00a0gratuit en illimit\u00e9\u00a0aux remont\u00e9es m\u00e9caniques pi\u00e9tons et Bike Park et b\u00e9n\u00e9ficier de\u00a02 activit\u00e9s offertes par nombre de jours du s\u00e9jour !<\/strong><\/span><\/h4>\n<h4 style=\"text-align: justify;\"><span style=\"color: #000000;\">Profitez \u00e9galement du ski d'\u00e9t\u00e9 sur le glacier de la Grande Motte, et des randonn\u00e9es en montagne... Qui oserait dire que les vacances en montagne c'est uniquement fait pour se reposer !\u00a0Vous en voulez encore ? Pour vous les vacances c'est fait pour en profiter un maximun ?<\/span><\/h4>\n<h4 style=\"text-align: justify;\"><span style=\"color: #000000;\"> Alors admirez nos paysages de montagne lors d'un vol en parapente, d\u00e9couvrez le water ball sur le lac de Tignes, profitez d'une balade \u00e0 cheval, tentez l'ascension du glacier de la Grande Motte...\u00a0Que vous soyez seul, entre amis ou en famille, les vacances \u00e0 Tignes l'\u00e9t\u00e9 doivent \u00eatre inoubliables !<\/span><\/h4>\n<\/div>\n<\/div><\/div><\/div><\/div><div id=\"pgc-1253-1-3\"  class=\"panel-grid-cell panel-grid-cell-empty\" ><\/div><\/div><\/div><div id=\"pg-1253-2\"  class=\"panel-grid panel-has-style\" ><div class=\"siteorigin-panels-stretch panel-row-style panel-row-style-for-1253-2\" data-stretch-type=\"full-stretched\" ><div id=\"pgc-1253-2-0\"  class=\"panel-grid-cell panel-grid-cell-empty\" ><\/div><div id=\"pgc-1253-2-1\"  class=\"panel-grid-cell panel-grid-cell-mobile-last\" ><div id=\"panel-1253-2-1-0\" class=\"so-panel widget widget_sow-editor panel-first-child panel-last-child\" data-index=\"2\" ><div class=\"panel-widget-style panel-widget-style-for-1253-2-1-0\" ><div\n\t\t\t\n\t\t\tclass=\"so-widget-sow-editor so-widget-sow-editor-base\"\n\t\t\t\n\t\t>\n<div class=\"siteorigin-widget-tinymce textwidget\">\n\t<h3 style=\"text-align: justify;\"><span style=\"color: #000000;\"><strong>R\u00e9servation et contact :<\/strong><\/span><\/h3>\n<h4 style=\"text-align: justify;\"><span style=\"color: #000000;\">Nous sommes \u00e0 votre \u00e9coute pour r\u00e9pondre \u00e0 vos interrogations ou si vous avez \u00a0besoin d\u2019informations compl\u00e9mentaires sur notre appartement en location \u00e0\u00a0Tignes. Vous pouvez utiliser le formulaire ci-dessous ou nous \u00e9crire \u00e0 <span style=\"color: #0000ff;\"><a style=\"color: #0000ff;\" href=\"mailto:location-tignes-lavachet@k-net.fr\">location-tignes-lavachet@k-net.fr<\/a><\/span><\/span><\/h4>\n<p style=\"text-align: justify;\"><span style=\"color: #000000;\">[contact-form-7 id=\"160\" title=\"Contact\"]<\/span><\/p>\n<\/div>\n<\/div><\/div><\/div><\/div><div id=\"pgc-1253-2-2\"  class=\"panel-grid-cell panel-grid-cell-empty\" ><\/div><\/div><\/div><\/div>","protected":false},"excerpt":{"rendered":"<p>CET \u00c9T\u00c9\u00a0DIRECTION TIGNES&#8230; et il y en a pour tous les go\u00fbts du 27\/06\/2020 au 30\/08\/2020. Avec votre carte \u00ab\u00a0My Tignes Open\u00a0\u00bb (6 cartes offertes), acc\u00e9dez \u00e0 de nombreuses activit\u00e9s \u00a0: Tir \u00e0 l&rsquo;arc, Crazy Airbag, base nautique, hot-jumping, &#8230;\u00a0\u00a0Acc\u00e8s\u00a0gratuit en illimit\u00e9\u00a0aux remont\u00e9es m\u00e9caniques pi\u00e9tons et Bike Park et b\u00e9n\u00e9ficier de\u00a02 activit\u00e9s offertes par nombre [&hellip;]<\/p>\n","protected":false},"author":1,"featured_media":0,"parent":0,"menu_order":0,"comment_status":"closed","ping_status":"closed","template":"","meta":{"ngg_post_thumbnail":0,"footnotes":""},"class_list":["post-1253","page","type-page","status-publish","hentry"],"_links":{"self":[{"href":"https:\/\/location-tignes-lavachet.ovh\/index.php\/wp-json\/wp\/v2\/pages\/1253","targetHints":{"allow":["GET"]}}],"collection":[{"href":"https:\/\/location-tignes-lavachet.ovh\/index.php\/wp-json\/wp\/v2\/pages"}],"about":[{"href":"https:\/\/location-tignes-lavachet.ovh\/index.php\/wp-json\/wp\/v2\/types\/page"}],"author":[{"embeddable":true,"href":"https:\/\/location-tignes-lavachet.ovh\/index.php\/wp-json\/wp\/v2\/users\/1"}],"replies":[{"embeddable":true,"href":"https:\/\/location-tignes-lavachet.ovh\/index.php\/wp-json\/wp\/v2\/comments?post=1253"}],"version-history":[{"count":0,"href":"https:\/\/location-tignes-lavachet.ovh\/index.php\/wp-json\/wp\/v2\/pages\/1253\/revisions"}],"wp:attachment":[{"href":"https:\/\/location-tignes-lavachet.ovh\/index.php\/wp-json\/wp\/v2\/media?parent=1253"}],"curies":[{"name":"wp","href":"https:\/\/api.w.org\/{rel}","templated":true}]}}